{"id":17,"date":"2022-06-10T15:44:41","date_gmt":"2022-06-10T15:44:41","guid":{"rendered":"https:\/\/kadence.pixel-show.com\/cleaning-services\/?page_id=17"},"modified":"2023-05-31T16:34:05","modified_gmt":"2023-05-31T14:34:05","slug":"contacts","status":"publish","type":"page","link":"https:\/\/naturedechienworld.com\/index.php\/contacts\/","title":{"rendered":"Contact"},"content":{"rendered":"<style>.kb-row-layout-id_ebe5af-b3 > .kt-row-column-wrap{align-content:start;}:where(.kb-row-layout-id_ebe5af-b3 > .kt-row-column-wrap) > .wp-block-kadence-column{justify-content:start;}.kb-row-layout-id_ebe5af-b3 > .kt-row-column-wrap{column-gap:var(--global-kb-gap-md, 2rem);row-gap:var(--global-kb-gap-md, 2rem);max-width:var( --global-content-width, 1290px );padding-left:var(--global-content-edge-padding);padding-right:var(--global-content-edge-padding);padding-top:140px;padding-bottom:100px;grid-template-columns:minmax(0, 1fr);}.kb-row-layout-id_ebe5af-b3 > .kt-row-layout-overlay{opacity:0.07;mix-blend-mode:normal;}@media all and (max-width: 1024px){.kb-row-layout-id_ebe5af-b3 > .kt-row-column-wrap{padding-top:80px;padding-bottom:80px;grid-template-columns:minmax(0, 1fr);}}@media all and (max-width: 767px){.kb-row-layout-id_ebe5af-b3 > .kt-row-column-wrap{padding-top:100px;padding-right:30px;padding-bottom:80px;padding-left:30px;grid-template-columns:minmax(0, 1fr);}}<\/style><div class=\"kb-row-layout-wrap kb-row-layout-id_ebe5af-b3 alignnone has-theme-palette7-background-color kt-row-has-bg wp-block-kadence-rowlayout\"><div class=\"kt-row-column-wrap kt-has-1-columns kt-row-layout-equal kt-tab-layout-inherit kt-mobile-layout-row kt-row-valign-top kb-theme-content-width\">\n<style>.kadence-column_b0906f-fa > .kt-inside-inner-col,.kadence-column_b0906f-fa > .kt-inside-inner-col:before{border-top-left-radius:0px;border-top-right-radius:0px;border-bottom-right-radius:0px;border-bottom-left-radius:0px;}.kadence-column_b0906f-fa > .kt-inside-inner-col{column-gap:var(--global-kb-gap-sm, 1rem);}.kadence-column_b0906f-fa > .kt-inside-inner-col{flex-direction:column;}.kadence-column_b0906f-fa > .kt-inside-inner-col > .aligncenter{width:100%;}.kadence-column_b0906f-fa > .kt-inside-inner-col:before{opacity:0.3;}.kadence-column_b0906f-fa{position:relative;}@media all and (max-width: 1024px){.kadence-column_b0906f-fa > .kt-inside-inner-col{padding-top:0px;padding-right:0px;padding-bottom:0px;padding-left:0px;flex-direction:column;}}@media all and (max-width: 767px){.kadence-column_b0906f-fa > .kt-inside-inner-col{flex-direction:column;}}<\/style>\n<div class=\"wp-block-kadence-column kadence-column_b0906f-fa inner-column-1\"><div class=\"kt-inside-inner-col\"><style>.kb-row-layout-id_b2b51b-30 > .kt-row-column-wrap{align-content:start;}:where(.kb-row-layout-id_b2b51b-30 > .kt-row-column-wrap) > .wp-block-kadence-column{justify-content:start;}.kb-row-layout-id_b2b51b-30 > .kt-row-column-wrap{column-gap:var(--global-kb-gap-md, 2rem);row-gap:var(--global-kb-gap-md, 2rem);max-width:600px;margin-left:auto;margin-right:auto;padding-top:0px;padding-bottom:0px;grid-template-columns:minmax(0, 1fr);}.kb-row-layout-id_b2b51b-30 > .kt-row-layout-overlay{opacity:0.30;}@media all and (max-width: 1024px){.kb-row-layout-id_b2b51b-30 > .kt-row-column-wrap{padding-top:0px;padding-right:0px;padding-bottom:0px;padding-left:0px;grid-template-columns:minmax(0, 1fr);}}@media all and (max-width: 767px){.kb-row-layout-id_b2b51b-30 > .kt-row-column-wrap{grid-template-columns:minmax(0, 1fr);}}<\/style><div class=\"kb-row-layout-wrap kb-row-layout-id_b2b51b-30 alignnone wp-block-kadence-rowlayout\"><div class=\"kt-row-column-wrap kt-has-1-columns kt-row-layout-equal kt-tab-layout-inherit kt-mobile-layout-row kt-row-valign-top\">\n<style>.kadence-column_1f2c3b-77 > .kt-inside-inner-col{padding-right:40px;padding-left:40px;}.kadence-column_1f2c3b-77 > .kt-inside-inner-col,.kadence-column_1f2c3b-77 > .kt-inside-inner-col:before{border-top-left-radius:0px;border-top-right-radius:0px;border-bottom-right-radius:0px;border-bottom-left-radius:0px;}.kadence-column_1f2c3b-77 > .kt-inside-inner-col{column-gap:var(--global-kb-gap-sm, 1rem);}.kadence-column_1f2c3b-77 > .kt-inside-inner-col{flex-direction:column;}.kadence-column_1f2c3b-77 > .kt-inside-inner-col > .aligncenter{width:100%;}.kadence-column_1f2c3b-77 > .kt-inside-inner-col:before{opacity:0.3;}.kadence-column_1f2c3b-77{position:relative;}@media all and (max-width: 1024px){.kadence-column_1f2c3b-77 > .kt-inside-inner-col{flex-direction:column;}}@media all and (max-width: 767px){.kadence-column_1f2c3b-77 > .kt-inside-inner-col{padding-right:0px;padding-left:0px;flex-direction:column;}}<\/style>\n<div class=\"wp-block-kadence-column kadence-column_1f2c3b-77 inner-column-1\"><div class=\"kt-inside-inner-col\"><style>.wp-block-kadence-advancedheading.kt-adv-heading_0564c3-66, .wp-block-kadence-advancedheading.kt-adv-heading_0564c3-66[data-kb-block=\"kb-adv-heading_0564c3-66\"]{padding-top:0px;padding-right:0px;padding-bottom:20px;padding-left:0px;margin-top:0px;margin-right:0px;margin-bottom:0px;margin-left:0px;text-align:center;font-style:normal;text-transform:capitalize;}.wp-block-kadence-advancedheading.kt-adv-heading_0564c3-66 mark, .wp-block-kadence-advancedheading.kt-adv-heading_0564c3-66[data-kb-block=\"kb-adv-heading_0564c3-66\"] mark{font-style:normal;color:#f76a0c;padding-top:0px;padding-right:0px;padding-bottom:0px;padding-left:0px;}<\/style>\n<h1 class=\"kt-adv-heading_0564c3-66 wp-block-kadence-advancedheading has-theme-palette-3-color has-text-color\" data-kb-block=\"kb-adv-heading_0564c3-66\">Contactez nous<\/h1>\n<\/div><\/div>\n\n<\/div><\/div><\/div><\/div>\n\n<\/div><\/div>\n\n<style>.kb-row-layout-id_c1938c-50 > .kt-row-column-wrap{align-content:start;}:where(.kb-row-layout-id_c1938c-50 > .kt-row-column-wrap) > .wp-block-kadence-column{justify-content:start;}.kb-row-layout-id_c1938c-50 > .kt-row-column-wrap{column-gap:var(--global-kb-gap-md, 2rem);row-gap:var(--global-kb-gap-md, 2rem);max-width:var( --global-content-width, 1290px );padding-left:var(--global-content-edge-padding);padding-right:var(--global-content-edge-padding);padding-top:80px;padding-right:20px;padding-bottom:80px;padding-left:20px;grid-template-columns:minmax(0, 1fr);}.kb-row-layout-id_c1938c-50 > .kt-row-layout-overlay{opacity:0.30;}@media all and (max-width: 1024px){.kb-row-layout-id_c1938c-50 > .kt-row-column-wrap{padding-top:60px;padding-right:150px;padding-bottom:60px;padding-left:150px;grid-template-columns:minmax(0, 1fr);}}@media all and (max-width: 767px){.kb-row-layout-id_c1938c-50 > .kt-row-column-wrap{padding-top:0px;padding-right:0px;padding-bottom:0px;padding-left:0px;grid-template-columns:minmax(0, 1fr);}}<\/style><div class=\"kb-row-layout-wrap kb-row-layout-id_c1938c-50 alignnone wp-block-kadence-rowlayout\"><div class=\"kt-row-column-wrap kt-has-1-columns kt-row-layout-equal kt-tab-layout-inherit kt-mobile-layout-row kt-row-valign-top kb-theme-content-width\">\n<style>.kadence-column_1eabd3-b3 > .kt-inside-inner-col{padding-top:20px;padding-right:20px;padding-bottom:20px;padding-left:20px;}.kadence-column_1eabd3-b3 > .kt-inside-inner-col,.kadence-column_1eabd3-b3 > .kt-inside-inner-col:before{border-top-left-radius:0px;border-top-right-radius:0px;border-bottom-right-radius:0px;border-bottom-left-radius:0px;}.kadence-column_1eabd3-b3 > .kt-inside-inner-col{column-gap:var(--global-kb-gap-sm, 1rem);}.kadence-column_1eabd3-b3 > .kt-inside-inner-col{flex-direction:column;}.kadence-column_1eabd3-b3 > .kt-inside-inner-col > .aligncenter{width:100%;}.kadence-column_1eabd3-b3 > .kt-inside-inner-col:before{opacity:0.3;}.kadence-column_1eabd3-b3{position:relative;}@media all and (max-width: 1024px){.kadence-column_1eabd3-b3, .kt-inside-inner-col > .kadence-column_1eabd3-b3:not(.specificity){margin-top:0px;margin-right:0px;margin-bottom:0px;margin-left:0px;}}@media all and (max-width: 1024px){.kadence-column_1eabd3-b3 > .kt-inside-inner-col{padding-top:0px;padding-right:0px;padding-bottom:0px;padding-left:0px;flex-direction:column;}}@media all and (max-width: 767px){.kadence-column_1eabd3-b3 > .kt-inside-inner-col{padding-top:0px;padding-right:0px;padding-bottom:0px;padding-left:0px;flex-direction:column;}}<\/style>\n<div class=\"wp-block-kadence-column kadence-column_1eabd3-b3 inner-column-1\"><div class=\"kt-inside-inner-col\"><style>.kb-row-layout-id_3941dc-00 > .kt-row-column-wrap{align-content:start;}:where(.kb-row-layout-id_3941dc-00 > .kt-row-column-wrap) > .wp-block-kadence-column{justify-content:start;}.kb-row-layout-id_3941dc-00 > .kt-row-column-wrap{column-gap:20px;row-gap:20px;padding-top:0px;padding-right:0px;padding-bottom:0px;padding-left:0px;grid-template-columns:repeat(2, minmax(0, 1fr));}.kb-row-layout-id_3941dc-00 > .kt-row-layout-overlay{opacity:0.30;}@media all and (max-width: 1024px){.kb-row-layout-id_3941dc-00 > .kt-row-column-wrap{padding-top:0px;padding-right:0px;padding-bottom:0px;padding-left:0px;grid-template-columns:minmax(0, 1fr);}}@media all and (max-width: 767px){.kb-row-layout-id_3941dc-00 > .kt-row-column-wrap{padding-top:0px;padding-right:0px;padding-bottom:20px;padding-left:0px;grid-template-columns:minmax(0, 1fr);}}<\/style><div class=\"kb-row-layout-wrap kb-row-layout-id_3941dc-00 alignnone has-theme-palette8-background-color kt-row-has-bg wp-block-kadence-rowlayout\"><div class=\"kt-row-column-wrap kt-has-2-columns kt-row-layout-equal kt-tab-layout-row kt-mobile-layout-row kt-row-valign-top\">\n<style>.kadence-column_27f79c-3d > .kt-inside-inner-col{display:flex;}.kadence-column_27f79c-3d, .kt-inside-inner-col > .kadence-column_27f79c-3d:not(.specificity){margin-right:12px;}.kadence-column_27f79c-3d > .kt-inside-inner-col{padding-top:90px;padding-right:60px;padding-bottom:60px;padding-left:60px;}.kadence-column_27f79c-3d > .kt-inside-inner-col,.kadence-column_27f79c-3d > .kt-inside-inner-col:before{border-top-left-radius:0px;border-top-right-radius:0px;border-bottom-right-radius:0px;border-bottom-left-radius:0px;}.kadence-column_27f79c-3d > .kt-inside-inner-col{column-gap:var(--global-kb-gap-sm, 1rem);}.kadence-column_27f79c-3d > .kt-inside-inner-col{flex-direction:column;justify-content:center;}.kadence-column_27f79c-3d > .kt-inside-inner-col > .aligncenter{width:100%;}.kt-row-column-wrap > .kadence-column_27f79c-3d{align-self:center;}.kt-inner-column-height-full:not(.kt-has-1-columns) > .wp-block-kadence-column.kadence-column_27f79c-3d{align-self:auto;}.kt-inner-column-height-full:not(.kt-has-1-columns) > .wp-block-kadence-column.kadence-column_27f79c-3d > .kt-inside-inner-col{flex-direction:column;justify-content:center;}.kadence-column_27f79c-3d > .kt-inside-inner-col:before{opacity:0.3;}.kadence-column_27f79c-3d{position:relative;}@media all and (max-width: 1024px){.kadence-column_27f79c-3d, .kt-inside-inner-col > .kadence-column_27f79c-3d:not(.specificity){margin-right:0px;margin-left:0px;}}@media all and (max-width: 1024px){.kadence-column_27f79c-3d > .kt-inside-inner-col{flex-direction:column;}}@media all and (max-width: 767px){.kadence-column_27f79c-3d, .kt-inside-inner-col > .kadence-column_27f79c-3d:not(.specificity){margin-right:0px;margin-left:0px;}.kadence-column_27f79c-3d > .kt-inside-inner-col{padding-top:20px;padding-right:20px;padding-bottom:20px;padding-left:20px;flex-direction:column;}}<\/style>\n<div class=\"wp-block-kadence-column kadence-column_27f79c-3d kb-section-dir-vertical inner-column-1\"><div class=\"kt-inside-inner-col\"><style>.wp-block-kadence-advancedheading.kt-adv-heading_a5e554-37, .wp-block-kadence-advancedheading.kt-adv-heading_a5e554-37[data-kb-block=\"kb-adv-heading_a5e554-37\"]{margin-bottom:20px;font-style:normal;}.wp-block-kadence-advancedheading.kt-adv-heading_a5e554-37 mark, .wp-block-kadence-advancedheading.kt-adv-heading_a5e554-37[data-kb-block=\"kb-adv-heading_a5e554-37\"] mark{font-style:normal;color:#f76a0c;padding-top:0px;padding-right:0px;padding-bottom:0px;padding-left:0px;}@media all and (max-width: 1024px){.wp-block-kadence-advancedheading.kt-adv-heading_a5e554-37, .wp-block-kadence-advancedheading.kt-adv-heading_a5e554-37[data-kb-block=\"kb-adv-heading_a5e554-37\"]{text-align:center!important;}}@media all and (max-width: 767px){.wp-block-kadence-advancedheading.kt-adv-heading_a5e554-37, .wp-block-kadence-advancedheading.kt-adv-heading_a5e554-37[data-kb-block=\"kb-adv-heading_a5e554-37\"]{text-align:center!important;}}<\/style>\n<h2 class=\"kt-adv-heading_a5e554-37 wp-block-kadence-advancedheading\" data-kb-block=\"kb-adv-heading_a5e554-37\">Restons en Contact !<\/h2>\n\n\n<style>.wp-block-kadence-advancedheading.kt-adv-heading_417e50-b1, .wp-block-kadence-advancedheading.kt-adv-heading_417e50-b1[data-kb-block=\"kb-adv-heading_417e50-b1\"]{margin-bottom:20px;font-style:normal;}.wp-block-kadence-advancedheading.kt-adv-heading_417e50-b1 mark, .wp-block-kadence-advancedheading.kt-adv-heading_417e50-b1[data-kb-block=\"kb-adv-heading_417e50-b1\"] mark{font-style:normal;color:#f76a0c;padding-top:0px;padding-right:0px;padding-bottom:0px;padding-left:0px;}@media all and (max-width: 1024px){.wp-block-kadence-advancedheading.kt-adv-heading_417e50-b1, .wp-block-kadence-advancedheading.kt-adv-heading_417e50-b1[data-kb-block=\"kb-adv-heading_417e50-b1\"]{text-align:center!important;}}@media all and (max-width: 767px){.wp-block-kadence-advancedheading.kt-adv-heading_417e50-b1, .wp-block-kadence-advancedheading.kt-adv-heading_417e50-b1[data-kb-block=\"kb-adv-heading_417e50-b1\"]{text-align:center!important;}}<\/style>\n<p class=\"kt-adv-heading_417e50-b1 wp-block-kadence-advancedheading\" data-kb-block=\"kb-adv-heading_417e50-b1\">Nature de Chien World, c&#8217;est un grand projet qui ne pourrait pas fonctionner sans vous ! Pour toute question sur le projet, id\u00e9e \u00e0 partager ou encore si vous souhaitez contribuer, n&#8217;h\u00e9sitez pas \u00e0 nous contacter !<\/p>\n<\/div><\/div>\n\n\n<style>.kadence-column_44deef-2f > .kt-inside-inner-col{display:flex;}.kadence-column_44deef-2f, .kt-inside-inner-col > .kadence-column_44deef-2f:not(.specificity){margin-left:12px;}.kadence-column_44deef-2f > .kt-inside-inner-col{padding-top:60px;padding-right:50px;padding-bottom:60px;padding-left:50px;}.kadence-column_44deef-2f > .kt-inside-inner-col,.kadence-column_44deef-2f > .kt-inside-inner-col:before{border-top-left-radius:0px;border-top-right-radius:0px;border-bottom-right-radius:0px;border-bottom-left-radius:0px;}.kadence-column_44deef-2f > .kt-inside-inner-col{column-gap:var(--global-kb-gap-sm, 1rem);}.kadence-column_44deef-2f > .kt-inside-inner-col{flex-direction:column;justify-content:flex-start;}.kadence-column_44deef-2f > .kt-inside-inner-col > .aligncenter{width:100%;}.kt-row-column-wrap > .kadence-column_44deef-2f{align-self:flex-start;}.kt-inner-column-height-full:not(.kt-has-1-columns) > .wp-block-kadence-column.kadence-column_44deef-2f{align-self:auto;}.kt-inner-column-height-full:not(.kt-has-1-columns) > .wp-block-kadence-column.kadence-column_44deef-2f > .kt-inside-inner-col{flex-direction:column;justify-content:flex-start;}.kadence-column_44deef-2f > .kt-inside-inner-col:before{opacity:0.3;}.kadence-column_44deef-2f{position:relative;}@media all and (max-width: 1024px){.kadence-column_44deef-2f > .kt-inside-inner-col{padding-top:0px;flex-direction:column;}}@media all and (max-width: 767px){.kadence-column_44deef-2f > .kt-inside-inner-col{padding-top:20px;padding-right:20px;padding-bottom:20px;padding-left:20px;flex-direction:column;}}<\/style>\n<div class=\"wp-block-kadence-column kadence-column_44deef-2f inner-column-2\"><div class=\"kt-inside-inner-col\"><style>.kadence-form-_b24892-39 .kb-form .kadence-blocks-form-field{margin-bottom:14px;}.kadence-form-_b24892-39 .kb-form .kadence-blocks-form-field{padding-right:6px;padding-left:6px;}.kadence-form-_b24892-39 .kb-form{margin-right:-6px;margin-left:-6px;}.kadence-form-_b24892-39 .kb-form .kadence-blocks-form-field .kb-text-style-field, .kadence-form-_b24892-39 .kb-form .kadence-blocks-form-field .kb-select-style-field{color:var(--global-palette3, #1A202C);border-radius:0px;line-height:28px;background:#ffffff;border-color:rgba(0, 0, 0, 0);box-shadow:1px 1px 2px 0px rgba(0, 0, 0, 0.2);}.kadence-form-_b24892-39 .kb-form .kadence-blocks-form-field > label{font-family:Prompt;font-style:normal;font-weight:500;padding-top:0px;padding-right:0px;padding-bottom:0px;padding-left:0px;}.kadence-form-_b24892-39 .kb-form .kadence-blocks-form-field .kb-forms-submit{color:#ffffff;}.kadence-form-_b24892-39 .kb-form .kadence-blocks-form-field .kb-forms-submit:hover, .kadence-form-_b24892-39 .kb-form .kadence-blocks-form-field .kb-forms-submit:focus {color:#ffffff;}.kadence-form-_b24892-39 .kb-form .kadence-blocks-form-field .kb-forms-submit{text-transform:capitalize;font-family:Prompt;font-style:normal;font-weight:500;}.kadence-form-_b24892-39 .kadence-blocks-form-success{color:var(--global-palette1, #3182CE);}.kadence-form-_b24892-39 .kadence-blocks-form-warning{color:#c00101;}@media all and (max-width: 767px){.kadence-form-_b24892-39 .kb-form .kadence-blocks-form-field .kb-forms-submit{margin-top:20px;}}<\/style>\n<div class=\"wp-block-kadence-form kadence-form-_b24892-39 kb-form-wrap\"><form class=\"kb-form\" action=\"\" method=\"post\" data-error-message=\"Veuillez corriger les erreurs pour continuer\"><div class=\"kadence-blocks-form-field kb-field-desk-width-50 kb-field-mobile-width-100 kb-input-size-standard\"><label for=\"kb_field__b24892-39_0\">Nom &amp; Pr\u00e9nom<span class=\"required\">*<\/span><\/label><span id=\"kb_field_desc__b24892-39_0\" class=\"screen-reader-text\">Entrez ici votre nom et pr\u00e9nom<\/span><input name=\"kb_field_0\" id=\"kb_field__b24892-39_0\" data-label=\"Nom &amp; Pr\u00e9nom\" type=\"text\" placeholder=\"\" value=\"\" data-type=\"text\" class=\"kb-field kb-text-style-field kb-text-field kb-field-0\" data-required=\"yes\" data-required-message=\"Ce champ est requis\" aria-describedby=\"kb_field_desc__b24892-39_0\"\/><\/div><div class=\"kadence-blocks-form-field kb-form-field-1 kb-field-desk-width-50 kb-field-mobile-width-100 kb-input-size-standard\"><label for=\"kb_field__b24892-39_1\">Email<span class=\"required\">*<\/span><\/label><span id=\"kb_field_desc__b24892-39_1\" class=\"screen-reader-text\">Entrez ici votre adresse e-mail<\/span><input name=\"kb_field_1\" id=\"kb_field__b24892-39_1\" data-label=\"Email\" type=\"email\" placeholder=\"\" value=\"\" data-type=\"email\" class=\"kb-field kb-text-style-field kb-email-field kb-field-1\" data-required=\"yes\" data-required-message=\"Ce champ est requis\" aria-describedby=\"kb_field_desc__b24892-39_1\"\/><\/div><div class=\"kadence-blocks-form-field kb-form-field-2 kb-field-desk-width-50 kb-field-mobile-width-100 kb-input-size-standard\"><label for=\"kb_field__b24892-39_2\">Num\u00e9ro de t\u00e9l\u00e9phone<span class=\"required\">*<\/span><\/label><span id=\"kb_field_desc__b24892-39_2\" class=\"screen-reader-text\">Entrez ici votre num\u00e9ro de t\u00e9l\u00e9phone<\/span><input name=\"kb_field_2\" id=\"kb_field__b24892-39_2\" data-label=\"Num\u00e9ro de t\u00e9l\u00e9phone\" type=\"text\" placeholder=\"\" value=\"\" data-type=\"text\" class=\"kb-field kb-text-style-field kb-text-field kb-field-2\" data-required=\"yes\" data-required-message=\"Ce champ est requis\" aria-describedby=\"kb_field_desc__b24892-39_2\"\/><\/div><input type=\"hidden\" name=\"kb_field_3\" value=\"\"\/><input type=\"hidden\" name=\"kb_field_4\" value=\"\"\/><input type=\"hidden\" name=\"kb_field_5\" value=\"\"\/><div class=\"kadence-blocks-form-field kb-form-field-6 kb-field-desk-width-100 kb-input-size-standard\"><label for=\"kb_field__b24892-39_6\">Votre message<span class=\"required\">*<\/span><\/label><span id=\"kb_field_desc__b24892-39_6\" class=\"screen-reader-text\">Entrez ici votre message<\/span><textarea name=\"kb_field_6\" id=\"kb_field__b24892-39_6\" data-label=\"Votre message\" type=\"textarea\" placeholder=\"\" data-type=\"textarea\" class=\"kb-field kb-text-style-field kb-textarea-field kb-field-6\" rows=\"6\" data-required=\"yes\" data-required-message=\"Ce champ est requis\" aria-describedby=\"kb_field_desc__b24892-39_6\"><\/textarea><\/div><input type=\"hidden\" name=\"_kb_form_id\" value=\"_b24892-39\"\/><input type=\"hidden\" name=\"_kb_form_post_id\" value=\"17\"\/><input type=\"hidden\" name=\"action\" value=\"kb_process_ajax_submit\"\/><input class=\"kadence-blocks-field verify\" type=\"text\" name=\"_kb_verify_email\" autocomplete=\"new-password\" aria-hidden=\"true\" placeholder=\"Email\" tabindex=\"-1\" data-1p-ignore=\"true\" data-lpignore=\"true\" \/><div class=\"kadence-blocks-form-field kb-submit-field kb-field-desk-width-100\"><button class=\"kb-forms-submit button kb-button-size-large kb-button-width-full\">Envoyer<\/button><\/div><\/form><\/div>\n<noscript><div class=\"kadence-blocks-form-message kadence-blocks-form-warning\">Please enable JavaScript in your browser to submit the form<\/div><style>.kadence-form-_b24892-39 .kadence-blocks-form-field.kb-submit-field { display: none; }<\/style><\/noscript><\/div><\/div>\n\n<\/div><\/div><\/div><\/div>\n\n<\/div><\/div>","protected":false},"excerpt":{"rendered":"<p>Contactez nous Restons en Contact ! Nature de Chien World, c&#8217;est un grand projet qui ne pourrait pas fonctionner sans vous ! Pour toute question sur le projet, id\u00e9e \u00e0 partager ou encore si vous souhaitez contribuer, n&#8217;h\u00e9sitez pas \u00e0 nous contacter !<\/p>\n","protected":false},"author":1,"featured_media":0,"parent":0,"menu_order":0,"comment_status":"closed","ping_status":"closed","template":"","meta":{"_kadence_starter_templates_imported_post":true,"_kad_post_transparent":"","_kad_post_title":"hide","_kad_post_layout":"fullwidth","_kad_post_sidebar_id":"","_kad_post_content_style":"unboxed","_kad_post_vertical_padding":"hide","_kad_post_feature":"hide","_kad_post_feature_position":"","_kad_post_header":false,"_kad_post_footer":false},"_links":{"self":[{"href":"https:\/\/naturedechienworld.com\/index.php\/wp-json\/wp\/v2\/pages\/17"}],"collection":[{"href":"https:\/\/naturedechienworld.com\/index.php\/wp-json\/wp\/v2\/pages"}],"about":[{"href":"https:\/\/naturedechienworld.com\/index.php\/wp-json\/wp\/v2\/types\/page"}],"author":[{"embeddable":true,"href":"https:\/\/naturedechienworld.com\/index.php\/wp-json\/wp\/v2\/users\/1"}],"replies":[{"embeddable":true,"href":"https:\/\/naturedechienworld.com\/index.php\/wp-json\/wp\/v2\/comments?post=17"}],"version-history":[{"count":5,"href":"https:\/\/naturedechienworld.com\/index.php\/wp-json\/wp\/v2\/pages\/17\/revisions"}],"predecessor-version":[{"id":1082,"href":"https:\/\/naturedechienworld.com\/index.php\/wp-json\/wp\/v2\/pages\/17\/revisions\/1082"}],"wp:attachment":[{"href":"https:\/\/naturedechienworld.com\/index.php\/wp-json\/wp\/v2\/media?parent=17"}],"curies":[{"name":"wp","href":"https:\/\/api.w.org\/{rel}","templated":true}]}}